{"id":69,"date":"2014-05-30T12:39:03","date_gmt":"2014-05-30T12:39:03","guid":{"rendered":"http:\/\/pixelgrade.com\/demos\/rosa2\/?page_id=69"},"modified":"2026-02-07T14:42:22","modified_gmt":"2026-02-07T19:42:22","slug":"menu","status":"publish","type":"page","link":"https:\/\/lunchmtl.com\/en\/menu\/","title":{"rendered":"Menu \u2013 breakfast, lunch"},"content":{"rendered":"<div class=\"grid__item one-whole palm-one-whole \">\n\n<div class=\"menu-list menu-list__dotted\">\n<h2 class=\"menu-list__title\">Breakfast sandwich<\/h2>\n<p class=\"menu-list__item-desc\"><span class=\"desc__content\"> Our famous breakfast sandwich is served on a croissant with a fresh egg, tomato, lettuce, cheese, bacon, ham or veggie-pat\u00e9.<\/span><\/p>\n<p class=\"menu-list__item-desc\"><span class=\"desc__content\"><a href=\"https:\/\/lunchmtl.com\/wp-content\/uploads\/2020\/10\/img_20200818_101742_345-1.jpg\"><img loading=\"lazy\" decoding=\"async\" class=\"alignnone size-medium wp-image-1759\" src=\"https:\/\/lunchmtl.com\/wp-content\/uploads\/2020\/10\/img_20200818_101742_345-1-300x300.jpg\" alt=\"\" width=\"300\" height=\"300\" \/><\/a><\/span><\/p>\n<p class=\"menu-list__item-desc\"><span class=\"desc__content\"><\/span><\/p>\n<h2 class=\"menu-list__title\">Vegetarian Chili &amp; corn muffin<\/h2>\n<p class=\"menu-list__item-desc\"><span class=\"desc__content\">Hearty vegetarian chili served with a vegan corn muffin. Hot Lunch anyone?<\/span><\/p>\n<p class=\"menu-list__item-desc\"><span class=\"desc__content\"><a href=\"https:\/\/lunchmtl.com\/wp-content\/uploads\/2020\/09\/chili-scaled.jpg\"><img loading=\"lazy\" decoding=\"async\" class=\"alignnone size-medium wp-image-1498\" src=\"https:\/\/lunchmtl.com\/wp-content\/uploads\/2020\/09\/chili-225x300.jpg\" alt=\"\" width=\"225\" height=\"300\" srcset=\"https:\/\/lunchmtl.com\/wp-content\/uploads\/2020\/09\/chili-225x300.jpg 225w, https:\/\/lunchmtl.com\/wp-content\/uploads\/2020\/09\/chili-scaled.jpg 1920w\" sizes=\"auto, (max-width: 225px) 100vw, 225px\" \/><\/a><\/span><\/p>\n<h2 class=\"menu-list__title\">Sandwiches<\/h2>\n<hr class=\"separator\"\/>\n<h2 class=\"menu-list__title\">The Dinde<\/h2>\n<p class=\"menu-list__item-desc\"><span class=\"desc__content\">Turkey breast, cheese, fresh tomatoes, pesto-mayo, romaine.\u00a0 Served on a Austrian-style bread. Need new photos for this guy.<\/span><\/p>\n<p class=\"menu-list__item-desc\"><span class=\"desc__content\"><a href=\"https:\/\/lunchmtl.com\/wp-content\/uploads\/2020\/10\/bidibondedindon.jpg\"><img loading=\"lazy\" decoding=\"async\" class=\"alignnone size-medium wp-image-1615\" src=\"https:\/\/lunchmtl.com\/wp-content\/uploads\/2020\/10\/bidibondedindon-300x300.jpg\" alt=\"\" width=\"300\" height=\"300\" \/><\/a><\/span><\/p>\n<h2 class=\"menu-list__title\">Le Rosbif<\/h2>\n<p class=\"menu-list__item-desc\"><span class=\"desc__content\">Homestyle roast beef, cheese, fesh tomatoes, dijon, mayo romaine, served on the Austrian style bread. nom. Seriously Covid Era pics.<\/span><\/p>\n<p class=\"menu-list__item-desc\"><span class=\"desc__content\"><a href=\"https:\/\/lunchmtl.com\/wp-content\/uploads\/2020\/10\/20200824_092615-scaled.jpg\"><img loading=\"lazy\" decoding=\"async\" class=\"alignnone size-medium wp-image-1755\" src=\"https:\/\/lunchmtl.com\/wp-content\/uploads\/2020\/10\/20200824_092615-225x300.jpg\" alt=\"\" width=\"225\" height=\"300\" srcset=\"https:\/\/lunchmtl.com\/wp-content\/uploads\/2020\/10\/20200824_092615-225x300.jpg 225w, https:\/\/lunchmtl.com\/wp-content\/uploads\/2020\/10\/20200824_092615-scaled.jpg 1920w\" sizes=\"auto, (max-width: 225px) 100vw, 225px\" \/><\/a><\/span><\/p>\n<h2 class=\"menu-list__title\">Le Grill Cheez<\/h2>\n<p class=\"menu-list__item-desc\"><span class=\"desc__content\">Caramelized onions with cheddar cheese on challah.\u00a0 Grilled to perfection. Stop it.<\/span><\/p>\n<p class=\"menu-list__item-desc\"><span class=\"desc__content\"><a href=\"https:\/\/lunchmtl.com\/wp-content\/uploads\/2020\/10\/grillcheez.jpg\"><img loading=\"lazy\" decoding=\"async\" class=\"alignnone size-medium wp-image-1801\" src=\"https:\/\/lunchmtl.com\/wp-content\/uploads\/2020\/10\/grillcheez-300x300.jpg\" alt=\"\" width=\"300\" height=\"300\" srcset=\"https:\/\/lunchmtl.com\/wp-content\/uploads\/2020\/10\/grillcheez-300x300.jpg 300w, https:\/\/lunchmtl.com\/wp-content\/uploads\/2020\/10\/grillcheez-1024x1024.jpg 1024w, https:\/\/lunchmtl.com\/wp-content\/uploads\/2020\/10\/grillcheez-150x150.jpg 150w, https:\/\/lunchmtl.com\/wp-content\/uploads\/2020\/10\/grillcheez-768x768.jpg 768w, https:\/\/lunchmtl.com\/wp-content\/uploads\/2020\/10\/grillcheez-1200x1200.jpg 1200w, https:\/\/lunchmtl.com\/wp-content\/uploads\/2020\/10\/grillcheez-900x900.jpg 900w, https:\/\/lunchmtl.com\/wp-content\/uploads\/2020\/10\/grillcheez-400x400.jpg 400w, https:\/\/lunchmtl.com\/wp-content\/uploads\/2020\/10\/grillcheez.jpg 1280w\" sizes=\"auto, (max-width: 300px) 100vw, 300px\" \/><\/a><\/span><\/p>\n<h2 class=\"menu-list__title\">The V\u00e9g\u00e9p\u00e2t\u00e9<\/h2>\n<p class=\"menu-list__item-desc\"><span class=\"desc__content\"> Homemade veggie pat\u00e9 with chickpeas &amp; sunflower seeds. Topped with fresh tomato and lettuce, dijon dressing, served on a ciabatta-style bun.<\/span><\/p>\n<p class=\"menu-list__item-desc\"><span class=\"desc__content\"><a href=\"https:\/\/lunchmtl.com\/wp-content\/uploads\/2020\/10\/vm-scaled.jpg\"><img loading=\"lazy\" decoding=\"async\" class=\"alignnone size-medium wp-image-1592\" src=\"https:\/\/lunchmtl.com\/wp-content\/uploads\/2020\/10\/vm-225x300.jpg\" alt=\"\" width=\"225\" height=\"300\" srcset=\"https:\/\/lunchmtl.com\/wp-content\/uploads\/2020\/10\/vm-225x300.jpg 225w, https:\/\/lunchmtl.com\/wp-content\/uploads\/2020\/10\/vm-scaled.jpg 1920w\" sizes=\"auto, (max-width: 225px) 100vw, 225px\" \/><\/a><\/span><\/p>\n<hr class=\"separator\"\/>\n<h2 class=\"menu-list__title\">Soup of the day<\/h2>\n<p class=\"menu-list__item-desc\"><span class=\"desc__content\"> All our soups are homemade, healthy and delicious!\u00a0 <a href=\"tel:438-386-0565\">Call us<\/a> to find out what's on for today.\u00a0 European lentil, African-style peanut, dahl, tomato basil, spicy black bean soup, carrot ginger, potato leek, sweet and sour cabbage...the list goes on!<\/span><\/p>\n<p class=\"menu-list__item-desc\"><span class=\"desc__content\"><a href=\"https:\/\/lunchmtl.com\/wp-content\/uploads\/2020\/10\/soup-and-salad.jpg\"><img loading=\"lazy\" decoding=\"async\" class=\"alignnone size-medium wp-image-1804\" src=\"https:\/\/lunchmtl.com\/wp-content\/uploads\/2020\/10\/soup-and-salad-300x214.jpg\" alt=\"\" width=\"300\" height=\"214\" srcset=\"https:\/\/lunchmtl.com\/wp-content\/uploads\/2020\/10\/soup-and-salad-300x214.jpg 300w, https:\/\/lunchmtl.com\/wp-content\/uploads\/2020\/10\/soup-and-salad-1024x731.jpg 1024w, https:\/\/lunchmtl.com\/wp-content\/uploads\/2020\/10\/soup-and-salad-768x548.jpg 768w, https:\/\/lunchmtl.com\/wp-content\/uploads\/2020\/10\/soup-and-salad-900x643.jpg 900w, https:\/\/lunchmtl.com\/wp-content\/uploads\/2020\/10\/soup-and-salad-400x286.jpg 400w, https:\/\/lunchmtl.com\/wp-content\/uploads\/2020\/10\/soup-and-salad.jpg 1080w\" sizes=\"auto, (max-width: 300px) 100vw, 300px\" \/><\/a><\/span><\/p>\n<hr class=\"separator\"\/>\n<h2 class=\"menu-list__title\">Enrico's Tourti\u00e8re\u00a0 \u00a0 Available during Yuletide Season<\/h2>\n<p class=\"menu-list__item-desc\"><span class=\"desc__content\">Classic Montr\u00e9al style beef and pork tourti\u00e8re. The filling is cooked, you only need to bake the pastry. Sold frozen. You won't regret it. Available during Yuletide only.<\/span><\/p>\n<p class=\"menu-list__item-desc\"><span class=\"desc__content\"><a href=\"https:\/\/lunchmtl.com\/wp-content\/uploads\/2020\/09\/tourtiere-2.jpg\"><img loading=\"lazy\" decoding=\"async\" class=\"alignnone size-medium wp-image-1496\" src=\"https:\/\/lunchmtl.com\/wp-content\/uploads\/2020\/09\/tourtiere-2-300x300.jpg\" alt=\"image of product\" width=\"300\" height=\"300\" srcset=\"https:\/\/lunchmtl.com\/wp-content\/uploads\/2020\/09\/tourtiere-2-300x300.jpg 300w, https:\/\/lunchmtl.com\/wp-content\/uploads\/2020\/09\/tourtiere-2-1024x1024.jpg 1024w, https:\/\/lunchmtl.com\/wp-content\/uploads\/2020\/09\/tourtiere-2-150x150.jpg 150w, https:\/\/lunchmtl.com\/wp-content\/uploads\/2020\/09\/tourtiere-2-768x768.jpg 768w, https:\/\/lunchmtl.com\/wp-content\/uploads\/2020\/09\/tourtiere-2-900x900.jpg 900w, https:\/\/lunchmtl.com\/wp-content\/uploads\/2020\/09\/tourtiere-2-400x400.jpg 400w, https:\/\/lunchmtl.com\/wp-content\/uploads\/2020\/09\/tourtiere-2.jpg 1080w\" sizes=\"auto, (max-width: 300px) 100vw, 300px\" \/><\/a><\/span><\/p>\n<\/div>\n\n\n<\/div>\n\n<div class=\"grid__item six-twelfths palm-one-whole \">\n\n<div class=\"menu-list menu-list__dotted\">\n<hr class=\"separator\"\/>\n<\/div>\n\n\n<\/div>\n\n<div class=\"grid__item six-twelfths palm-one-whole \">\n\n<div class=\"menu-list menu-list__dotted\">\n<hr class=\"separator\"\/>\n<\/div>\n\n\n<\/div>\n\n[\/row]","protected":false},"excerpt":{"rendered":"<p>[\/row]<\/p>\n","protected":false},"author":1,"featured_media":2003,"parent":0,"menu_order":1,"comment_status":"closed","ping_status":"closed","template":"","meta":{"_monsterinsights_skip_tracking":false,"_monsterinsights_sitenote_active":false,"_monsterinsights_sitenote_note":"","_monsterinsights_sitenote_category":0,"footnotes":""},"class_list":["post-69","page","type-page","status-publish","has-post-thumbnail","hentry"],"aioseo_notices":[],"_links":{"self":[{"href":"https:\/\/lunchmtl.com\/en\/wp-json\/wp\/v2\/pages\/69","targetHints":{"allow":["GET"]}}],"collection":[{"href":"https:\/\/lunchmtl.com\/en\/wp-json\/wp\/v2\/pages"}],"about":[{"href":"https:\/\/lunchmtl.com\/en\/wp-json\/wp\/v2\/types\/page"}],"author":[{"embeddable":true,"href":"https:\/\/lunchmtl.com\/en\/wp-json\/wp\/v2\/users\/1"}],"replies":[{"embeddable":true,"href":"https:\/\/lunchmtl.com\/en\/wp-json\/wp\/v2\/comments?post=69"}],"version-history":[{"count":162,"href":"https:\/\/lunchmtl.com\/en\/wp-json\/wp\/v2\/pages\/69\/revisions"}],"predecessor-version":[{"id":2149,"href":"https:\/\/lunchmtl.com\/en\/wp-json\/wp\/v2\/pages\/69\/revisions\/2149"}],"wp:featuredmedia":[{"embeddable":true,"href":"https:\/\/lunchmtl.com\/en\/wp-json\/wp\/v2\/media\/2003"}],"wp:attachment":[{"href":"https:\/\/lunchmtl.com\/en\/wp-json\/wp\/v2\/media?parent=69"}],"curies":[{"name":"wp","href":"https:\/\/api.w.org\/{rel}","templated":true}]}}